{"id":3694,"date":"2025-06-05T11:28:06","date_gmt":"2025-06-05T09:28:06","guid":{"rendered":"https:\/\/www.hokkaido.it\/prodotto\/hot-water-80-e-100-lt\/"},"modified":"2025-07-16T16:02:32","modified_gmt":"2025-07-16T14:02:32","slug":"hot-water-80-e-100-lt","status":"publish","type":"product","link":"https:\/\/www.hokkaido.it\/de\/prodotto\/hot-water-80-e-100-lt\/","title":{"rendered":"HOT WATER 80 und 100 LT"},"content":{"rendered":"<p><div class=\"fusion-fullwidth fullwidth-box fusion-builder-row-1 fusion-flex-container has-pattern-background has-mask-background hundred-percent-fullwidth non-hundred-percent-height-scrolling sezione-icone-prodotto\" style=\"--awb-border-radius-top-left:0px;--awb-border-radius-top-right:0px;--awb-border-radius-bottom-right:0px;--awb-border-radius-bottom-left:0px;--awb-padding-top:60px;--awb-padding-bottom:20px;--awb-background-color:#eeeeee;--awb-flex-wrap:wrap;\" ><div class=\"fusion-builder-row fusion-row fusion-flex-align-items-flex-start fusion-flex-justify-content-center fusion-flex-content-wrap\" style=\"width:calc( 100% + 16px ) !important;max-width:calc( 100% + 16px ) !important;margin-left: calc(-16px \/ 2 );margin-right: calc(-16px \/ 2 );\"><div class=\"fusion-layout-column fusion_builder_column fusion-builder-column-0 fusion_builder_column_1_6 1_6 fusion-flex-column\" style=\"--awb-padding-right:20px;--awb-padding-bottom:20px;--awb-padding-left:20px;--awb-bg-size:cover;--awb-width-large:16.666666666667%;--awb-margin-top-large:0px;--awb-spacing-right-large:8px;--awb-margin-bottom-large:20px;--awb-spacing-left-large:8px;--awb-width-medium:50%;--awb-order-medium:0;--awb-spacing-right-medium:8px;--awb-spacing-left-medium:8px;--awb-width-small:50%;--awb-order-small:0;--awb-spacing-right-small:8px;--awb-spacing-left-small:8px;\" data-scroll-devices=\"small-visibility,medium-visibility,large-visibility\"><div class=\"fusion-column-wrapper fusion-column-has-shadow fusion-flex-justify-content-flex-start fusion-content-layout-column\"><div class=\"fusion-image-element \" style=\"text-align:center;--awb-margin-bottom:16px;--awb-caption-title-color:var(--awb-color6);--awb-caption-text-color:var(--awb-color8);--awb-caption-text-size:var(--awb-typography4-font-size);--awb-caption-text-transform:var(--awb-typography4-text-transform);--awb-caption-text-line-height:var(--awb-typography4-line-height);--awb-caption-text-letter-spacing:var(--awb-typography4-letter-spacing);--awb-caption-margin-top:10px;--awb-max-width:130px;--awb-caption-title-font-family:&quot;Inter&quot;;--awb-caption-title-font-weight:300;--awb-caption-title-font-style:normal;--awb-caption-title-size:52px;--awb-caption-title-transform:uppercase;--awb-caption-title-line-height:var(--h3_typography-line-height);--awb-caption-title-letter-spacing:var(--h3_typography-letter-spacing);--awb-caption-text-font-family:var(--awb-typography4-font-family);--awb-caption-text-font-weight:var(--awb-typography4-font-weight);--awb-caption-text-font-style:var(--awb-typography4-font-style);\"><span class=\" fusion-imageframe imageframe-none imageframe-1 hover-type-none\"><img decoding=\"async\" width=\"249\" height=\"247\" title=\"icona Gas refrigerante ecologico\" src=\"https:\/\/www.hokkaido.it\/wp-content\/uploads\/2025\/06\/icona-Gas-refrigerante-ecologico.png\" alt class=\"img-responsive wp-image-3786\" srcset=\"https:\/\/www.hokkaido.it\/wp-content\/uploads\/2025\/06\/icona-Gas-refrigerante-ecologico-200x198.png 200w, https:\/\/www.hokkaido.it\/wp-content\/uploads\/2025\/06\/icona-Gas-refrigerante-ecologico.png 249w\" sizes=\"(max-width: 640px) 100vw, 200px\" \/><\/span><\/div><div class=\"fusion-text fusion-text-1\" style=\"--awb-content-alignment:center;--awb-font-size:16px;--awb-line-height:20px;--awb-text-color:var(--awb-color6);--awb-text-font-family:&quot;Inter&quot;;--awb-text-font-style:normal;--awb-text-font-weight:700;\"><p>\u00d6kologisches K\u00e4ltemittelgas<\/p>\n<\/div><\/div><\/div><div class=\"fusion-layout-column fusion_builder_column fusion-builder-column-1 fusion_builder_column_1_6 1_6 fusion-flex-column\" style=\"--awb-padding-right:20px;--awb-padding-bottom:20px;--awb-padding-left:20px;--awb-bg-size:cover;--awb-width-large:16.666666666667%;--awb-margin-top-large:0px;--awb-spacing-right-large:8px;--awb-margin-bottom-large:20px;--awb-spacing-left-large:8px;--awb-width-medium:50%;--awb-order-medium:0;--awb-spacing-right-medium:8px;--awb-spacing-left-medium:8px;--awb-width-small:50%;--awb-order-small:0;--awb-spacing-right-small:8px;--awb-spacing-left-small:8px;\" data-scroll-devices=\"small-visibility,medium-visibility,large-visibility\"><div class=\"fusion-column-wrapper fusion-column-has-shadow fusion-flex-justify-content-flex-start fusion-content-layout-column\"><div class=\"fusion-image-element \" style=\"text-align:center;--awb-margin-bottom:16px;--awb-caption-title-color:var(--awb-color6);--awb-caption-text-color:var(--awb-color8);--awb-caption-text-size:var(--awb-typography4-font-size);--awb-caption-text-transform:var(--awb-typography4-text-transform);--awb-caption-text-line-height:var(--awb-typography4-line-height);--awb-caption-text-letter-spacing:var(--awb-typography4-letter-spacing);--awb-caption-margin-top:10px;--awb-max-width:130px;--awb-caption-title-font-family:&quot;Inter&quot;;--awb-caption-title-font-weight:300;--awb-caption-title-font-style:normal;--awb-caption-title-size:52px;--awb-caption-title-transform:uppercase;--awb-caption-title-line-height:var(--h3_typography-line-height);--awb-caption-title-letter-spacing:var(--h3_typography-letter-spacing);--awb-caption-text-font-family:var(--awb-typography4-font-family);--awb-caption-text-font-weight:var(--awb-typography4-font-weight);--awb-caption-text-font-style:var(--awb-typography4-font-style);\"><span class=\" fusion-imageframe imageframe-none imageframe-2 hover-type-none\"><img decoding=\"async\" width=\"247\" height=\"247\" title=\"icona Acqua calda con solo compressore 65\" src=\"https:\/\/www.hokkaido.it\/wp-content\/uploads\/2025\/06\/icona-Acqua-calda-con-solo-compressore-65.png\" alt class=\"img-responsive wp-image-3787\" srcset=\"https:\/\/www.hokkaido.it\/wp-content\/uploads\/2025\/06\/icona-Acqua-calda-con-solo-compressore-65-200x200.png 200w, https:\/\/www.hokkaido.it\/wp-content\/uploads\/2025\/06\/icona-Acqua-calda-con-solo-compressore-65.png 247w\" sizes=\"(max-width: 640px) 100vw, 200px\" \/><\/span><\/div><div class=\"fusion-text fusion-text-2\" style=\"--awb-content-alignment:center;--awb-font-size:16px;--awb-line-height:20px;--awb-text-color:var(--awb-color6);--awb-text-font-family:&quot;Inter&quot;;--awb-text-font-style:normal;--awb-text-font-weight:700;\"><p>Warmwasser nur mit Kompressor<\/p>\n<\/div><\/div><\/div><div class=\"fusion-layout-column fusion_builder_column fusion-builder-column-2 fusion_builder_column_1_6 1_6 fusion-flex-column\" style=\"--awb-padding-right:20px;--awb-padding-bottom:20px;--awb-padding-left:20px;--awb-bg-size:cover;--awb-width-large:16.666666666667%;--awb-margin-top-large:0px;--awb-spacing-right-large:8px;--awb-margin-bottom-large:20px;--awb-spacing-left-large:8px;--awb-width-medium:50%;--awb-order-medium:0;--awb-spacing-right-medium:8px;--awb-spacing-left-medium:8px;--awb-width-small:50%;--awb-order-small:0;--awb-spacing-right-small:8px;--awb-spacing-left-small:8px;\" data-scroll-devices=\"small-visibility,medium-visibility,large-visibility\"><div class=\"fusion-column-wrapper fusion-column-has-shadow fusion-flex-justify-content-flex-start fusion-content-layout-column\"><div class=\"fusion-image-element \" style=\"text-align:center;--awb-margin-bottom:16px;--awb-caption-title-color:var(--awb-color6);--awb-caption-text-color:var(--awb-color8);--awb-caption-text-size:var(--awb-typography4-font-size);--awb-caption-text-transform:var(--awb-typography4-text-transform);--awb-caption-text-line-height:var(--awb-typography4-line-height);--awb-caption-text-letter-spacing:var(--awb-typography4-letter-spacing);--awb-caption-margin-top:10px;--awb-max-width:130px;--awb-caption-title-font-family:&quot;Inter&quot;;--awb-caption-title-font-weight:300;--awb-caption-title-font-style:normal;--awb-caption-title-size:52px;--awb-caption-title-transform:uppercase;--awb-caption-title-line-height:var(--h3_typography-line-height);--awb-caption-title-letter-spacing:var(--h3_typography-letter-spacing);--awb-caption-text-font-family:var(--awb-typography4-font-family);--awb-caption-text-font-weight:var(--awb-typography4-font-weight);--awb-caption-text-font-style:var(--awb-typography4-font-style);\"><span class=\" fusion-imageframe imageframe-none imageframe-3 hover-type-none\"><img decoding=\"async\" width=\"247\" height=\"247\" title=\"icona Ciclo antilegionella\" src=\"https:\/\/www.hokkaido.it\/wp-content\/uploads\/2025\/06\/icona-Ciclo-antilegionella.png\" alt class=\"img-responsive wp-image-3788\" srcset=\"https:\/\/www.hokkaido.it\/wp-content\/uploads\/2025\/06\/icona-Ciclo-antilegionella-200x200.png 200w, https:\/\/www.hokkaido.it\/wp-content\/uploads\/2025\/06\/icona-Ciclo-antilegionella.png 247w\" sizes=\"(max-width: 640px) 100vw, 200px\" \/><\/span><\/div><div class=\"fusion-text fusion-text-3\" style=\"--awb-content-alignment:center;--awb-font-size:16px;--awb-line-height:20px;--awb-text-color:var(--awb-color6);--awb-text-font-family:&quot;Inter&quot;;--awb-text-font-style:normal;--awb-text-font-weight:700;\"><p>Anti-Legionellen-Zyklus<\/p>\n<\/div><\/div><\/div><div class=\"fusion-layout-column fusion_builder_column fusion-builder-column-3 fusion_builder_column_1_6 1_6 fusion-flex-column\" style=\"--awb-padding-right:20px;--awb-padding-bottom:20px;--awb-padding-left:20px;--awb-bg-size:cover;--awb-width-large:16.666666666667%;--awb-margin-top-large:0px;--awb-spacing-right-large:8px;--awb-margin-bottom-large:20px;--awb-spacing-left-large:8px;--awb-width-medium:50%;--awb-order-medium:0;--awb-spacing-right-medium:8px;--awb-spacing-left-medium:8px;--awb-width-small:50%;--awb-order-small:0;--awb-spacing-right-small:8px;--awb-spacing-left-small:8px;\" data-scroll-devices=\"small-visibility,medium-visibility,large-visibility\"><div class=\"fusion-column-wrapper fusion-column-has-shadow fusion-flex-justify-content-flex-start fusion-content-layout-column\"><div class=\"fusion-image-element \" style=\"text-align:center;--awb-margin-bottom:16px;--awb-caption-title-color:var(--awb-color6);--awb-caption-text-color:var(--awb-color8);--awb-caption-text-size:var(--awb-typography4-font-size);--awb-caption-text-transform:var(--awb-typography4-text-transform);--awb-caption-text-line-height:var(--awb-typography4-line-height);--awb-caption-text-letter-spacing:var(--awb-typography4-letter-spacing);--awb-caption-margin-top:10px;--awb-max-width:130px;--awb-caption-title-font-family:&quot;Inter&quot;;--awb-caption-title-font-weight:300;--awb-caption-title-font-style:normal;--awb-caption-title-size:52px;--awb-caption-title-transform:uppercase;--awb-caption-title-line-height:var(--h3_typography-line-height);--awb-caption-title-letter-spacing:var(--h3_typography-letter-spacing);--awb-caption-text-font-family:var(--awb-typography4-font-family);--awb-caption-text-font-weight:var(--awb-typography4-font-weight);--awb-caption-text-font-style:var(--awb-typography4-font-style);\"><span class=\" fusion-imageframe imageframe-none imageframe-4 hover-type-none\"><img decoding=\"async\" width=\"247\" height=\"247\" title=\"icona Serbatoio in acciaio Inox\" src=\"https:\/\/www.hokkaido.it\/wp-content\/uploads\/2025\/06\/icona-Serbatoio-in-acciaio-Inox.png\" alt class=\"img-responsive wp-image-3789\" srcset=\"https:\/\/www.hokkaido.it\/wp-content\/uploads\/2025\/06\/icona-Serbatoio-in-acciaio-Inox-200x200.png 200w, https:\/\/www.hokkaido.it\/wp-content\/uploads\/2025\/06\/icona-Serbatoio-in-acciaio-Inox.png 247w\" sizes=\"(max-width: 640px) 100vw, 200px\" \/><\/span><\/div><div class=\"fusion-text fusion-text-4\" style=\"--awb-content-alignment:center;--awb-font-size:16px;--awb-line-height:20px;--awb-text-color:var(--awb-color6);--awb-text-font-family:&quot;Inter&quot;;--awb-text-font-style:normal;--awb-text-font-weight:700;\"><p>Edelstahltank<\/p>\n<\/div><\/div><\/div><\/div><\/div><div class=\"fusion-fullwidth fullwidth-box fusion-builder-row-2 fusion-flex-container has-pattern-background has-mask-background fusion-parallax-none nonhundred-percent-fullwidth non-hundred-percent-height-scrolling\" style=\"--awb-border-radius-top-left:0px;--awb-border-radius-top-right:0px;--awb-border-radius-bottom-right:0px;--awb-border-radius-bottom-left:0px;--awb-min-height:500px;--awb-min-height-medium:300px;--awb-min-height-small:200px;--awb-background-image:url(&quot;https:\/\/www.hokkaido.it\/wp-content\/uploads\/2025\/06\/bg-kuki-mizu.jpg&quot;);--awb-background-size:cover;--awb-flex-wrap:wrap;\" ><div class=\"fusion-builder-row fusion-row fusion-flex-align-items-flex-start fusion-flex-content-wrap\" style=\"max-width:1248px;margin-left: calc(-4% \/ 2 );margin-right: calc(-4% \/ 2 );\"><div class=\"fusion-layout-column fusion_builder_column fusion-builder-column-4 fusion_builder_column_1_1 1_1 fusion-flex-column\" style=\"--awb-bg-size:cover;--awb-width-large:100%;--awb-margin-top-large:0px;--awb-spacing-right-large:1.92%;--awb-margin-bottom-large:20px;--awb-spacing-left-large:1.92%;--awb-width-medium:100%;--awb-order-medium:0;--awb-spacing-right-medium:1.92%;--awb-spacing-left-medium:1.92%;--awb-width-small:100%;--awb-order-small:0;--awb-spacing-right-small:1.92%;--awb-spacing-left-small:1.92%;\"><div class=\"fusion-column-wrapper fusion-column-has-shadow fusion-flex-justify-content-flex-start fusion-content-layout-column\"><\/div><\/div><\/div><\/div><div class=\"fusion-fullwidth fullwidth-box fusion-builder-row-3 fusion-flex-container has-pattern-background has-mask-background nonhundred-percent-fullwidth non-hundred-percent-height-scrolling\" style=\"--awb-border-radius-top-left:0px;--awb-border-radius-top-right:0px;--awb-border-radius-bottom-right:0px;--awb-border-radius-bottom-left:0px;--awb-padding-top:60px;--awb-padding-bottom:60px;--awb-padding-top-medium:40px;--awb-padding-bottom-medium:40px;--awb-background-color:var(--awb-color3);--awb-flex-wrap:wrap;\" ><div class=\"fusion-builder-row fusion-row fusion-flex-align-items-stretch fusion-flex-content-wrap\" style=\"max-width:1248px;margin-left: calc(-4% \/ 2 );margin-right: calc(-4% \/ 2 );\"><div class=\"fusion-layout-column fusion_builder_column fusion-builder-column-5 fusion_builder_column_1_2 1_2 fusion-flex-column\" style=\"--awb-bg-size:cover;--awb-width-large:50%;--awb-margin-top-large:0px;--awb-spacing-right-large:3.84%;--awb-margin-bottom-large:20px;--awb-spacing-left-large:3.84%;--awb-width-medium:100%;--awb-order-medium:0;--awb-spacing-right-medium:1.92%;--awb-spacing-left-medium:1.92%;--awb-width-small:100%;--awb-order-small:0;--awb-spacing-right-small:1.92%;--awb-spacing-left-small:1.92%;\" data-scroll-devices=\"small-visibility,medium-visibility,large-visibility\"><div class=\"fusion-column-wrapper fusion-column-has-shadow fusion-flex-justify-content-flex-start fusion-content-layout-column\"><div class=\"fusion-title title fusion-title-1 fusion-sep-none fusion-title-text fusion-title-size-three\" style=\"--awb-text-color:var(--awb-color6);--awb-margin-top-small:10px;--awb-margin-right-small:0px;--awb-margin-bottom-small:10px;--awb-margin-left-small:0px;\"><h3 class=\"fusion-title-heading title-heading-left\" style=\"font-family:&quot;Inter&quot;;font-style:normal;font-weight:300;margin:0;\">HORIZONTAL <strong>ABNEHMBARER<\/strong> PDC-OBERK\u00d6RPER<\/h3><\/div><div class=\"fusion-text fusion-text-5\"><p>Einfachere Wartung und geringerer Platzbedarf f\u00fcr die Installation.<\/p>\n<\/div><div class=\"fusion-title title fusion-title-2 fusion-sep-none fusion-title-text fusion-title-size-three\" style=\"--awb-text-color:var(--awb-color6);--awb-margin-top-small:10px;--awb-margin-right-small:0px;--awb-margin-bottom-small:10px;--awb-margin-left-small:0px;\"><h3 class=\"fusion-title-heading title-heading-left\" style=\"font-family:&quot;Inter&quot;;font-style:normal;font-weight:300;margin:0;\"><strong>KOMFORT<\/strong> ZU HAUSE<\/h3><\/div><div class=\"fusion-text fusion-text-6\"><p>Die Serie \u201eDucted Kitchen\u201c ist f\u00fcr die Installation in der K\u00fcche wie ein herk\u00f6mmlicher Boiler konzipiert und passt bequem in den K\u00fcchenschrank, wobei die Luft nach au\u00dfen abgeleitet wird.<\/p>\n<\/div><\/div><\/div><div class=\"fusion-layout-column fusion_builder_column fusion-builder-column-6 fusion_builder_column_1_2 1_2 fusion-flex-column\" style=\"--awb-bg-size:cover;--awb-width-large:50%;--awb-margin-top-large:0px;--awb-spacing-right-large:3.84%;--awb-margin-bottom-large:20px;--awb-spacing-left-large:3.84%;--awb-width-medium:100%;--awb-order-medium:0;--awb-spacing-right-medium:1.92%;--awb-spacing-left-medium:1.92%;--awb-width-small:100%;--awb-order-small:0;--awb-spacing-right-small:1.92%;--awb-spacing-left-small:1.92%;\" data-scroll-devices=\"small-visibility,medium-visibility,large-visibility\"><div class=\"fusion-column-wrapper fusion-column-has-shadow fusion-flex-justify-content-flex-start fusion-content-layout-column\"><div class=\"fusion-image-element \" style=\"text-align:center;--awb-max-width:200px;--awb-caption-title-font-family:var(--h2_typography-font-family);--awb-caption-title-font-weight:var(--h2_typography-font-weight);--awb-caption-title-font-style:var(--h2_typography-font-style);--awb-caption-title-size:var(--h2_typography-font-size);--awb-caption-title-transform:var(--h2_typography-text-transform);--awb-caption-title-line-height:var(--h2_typography-line-height);--awb-caption-title-letter-spacing:var(--h2_typography-letter-spacing);\"><span class=\" fusion-imageframe imageframe-none imageframe-5 hover-type-none\"><img decoding=\"async\" width=\"537\" height=\"1000\" title=\"pdc-removibile\" src=\"https:\/\/www.hokkaido.it\/wp-content\/uploads\/2025\/06\/pdc-removibile.png\" alt class=\"img-responsive wp-image-3695\" srcset=\"https:\/\/www.hokkaido.it\/wp-content\/uploads\/2025\/06\/pdc-removibile-200x372.png 200w, https:\/\/www.hokkaido.it\/wp-content\/uploads\/2025\/06\/pdc-removibile-400x745.png 400w, https:\/\/www.hokkaido.it\/wp-content\/uploads\/2025\/06\/pdc-removibile.png 537w\" sizes=\"(max-width: 640px) 100vw, 537px\" \/><\/span><\/div><\/div><\/div><\/div><\/div><div class=\"fusion-fullwidth fullwidth-box fusion-builder-row-4 fusion-flex-container has-pattern-background has-mask-background hundred-percent-fullwidth non-hundred-percent-height-scrolling\" style=\"--awb-border-radius-top-left:0px;--awb-border-radius-top-right:0px;--awb-border-radius-bottom-right:0px;--awb-border-radius-bottom-left:0px;--awb-padding-top:0px;--awb-padding-bottom:0px;--awb-padding-right-medium:0px;--awb-padding-left-medium:0px;--awb-padding-right-small:0px;--awb-padding-left-small:0px;--awb-background-color:var(--awb-color6);--awb-flex-wrap:wrap;\" ><div class=\"fusion-builder-row fusion-row fusion-flex-align-items-stretch fusion-flex-content-wrap\" style=\"width:104% !important;max-width:104% !important;margin-left: calc(-4% \/ 2 );margin-right: calc(-4% \/ 2 );\"><div class=\"fusion-layout-column fusion_builder_column fusion-builder-column-7 fusion_builder_column_1_2 1_2 fusion-flex-column\" style=\"--awb-padding-top:0px;--awb-padding-right:0px;--awb-padding-bottom:0px;--awb-padding-left:0px;--awb-padding-top-medium:0px;--awb-padding-right-medium:0px;--awb-padding-bottom-medium:0px;--awb-padding-left-medium:0px;--awb-padding-top-small:0px;--awb-padding-right-small:0px;--awb-padding-bottom-small:0px;--awb-padding-left-small:0px;--awb-bg-image:url(&#039;https:\/\/www.hokkaido.it\/wp-content\/uploads\/2025\/06\/sicurezza-hot-water.jpg&#039;);--awb-bg-position:center center;--awb-bg-size:cover;--awb-width-large:50%;--awb-margin-top-large:0px;--awb-spacing-right-large:0px;--awb-margin-bottom-large:0px;--awb-spacing-left-large:0px;--awb-width-medium:100%;--awb-order-medium:0;--awb-margin-top-medium:0;--awb-spacing-right-medium:0px;--awb-margin-bottom-medium:0;--awb-spacing-left-medium:0px;--awb-width-small:100%;--awb-order-small:0;--awb-margin-top-small:0;--awb-spacing-right-small:0px;--awb-margin-bottom-small:0;--awb-spacing-left-small:0px;\" data-scroll-devices=\"small-visibility,medium-visibility,large-visibility\"><div class=\"fusion-column-wrapper fusion-column-has-shadow fusion-flex-justify-content-center fusion-content-layout-column fusion-column-has-bg-image\" data-bg-url=\"https:\/\/www.hokkaido.it\/wp-content\/uploads\/2025\/06\/sicurezza-hot-water.jpg\"><div class=\"fusion-separator fusion-full-width-sep\" style=\"align-self: center;margin-left: auto;margin-right: auto;margin-top:500px;width:100%;\"><\/div><\/div><\/div><div class=\"fusion-layout-column fusion_builder_column fusion-builder-column-8 fusion_builder_column_1_3 1_3 fusion-flex-column\" style=\"--awb-padding-top:80px;--awb-padding-right:40px;--awb-padding-bottom:80px;--awb-padding-left:40px;--awb-padding-top-medium:40px;--awb-padding-right-medium:40px;--awb-padding-bottom-medium:40px;--awb-padding-left-medium:40px;--awb-padding-top-small:30px;--awb-padding-right-small:30px;--awb-padding-bottom-small:30px;--awb-padding-left-small:30px;--awb-bg-size:cover;--awb-width-large:33.333333333333%;--awb-margin-top-large:0px;--awb-spacing-right-large:5.76%;--awb-margin-bottom-large:0px;--awb-spacing-left-large:5.76%;--awb-width-medium:100%;--awb-order-medium:0;--awb-spacing-right-medium:1.92%;--awb-spacing-left-medium:1.92%;--awb-width-small:100%;--awb-order-small:0;--awb-spacing-right-small:1.92%;--awb-spacing-left-small:1.92%;\" data-scroll-devices=\"small-visibility,medium-visibility,large-visibility\"><div class=\"fusion-column-wrapper fusion-column-has-shadow fusion-flex-justify-content-center fusion-content-layout-column\"><div class=\"fusion-title title fusion-title-3 fusion-sep-none fusion-title-text fusion-title-size-three\" style=\"--awb-text-color:var(--awb-color1);--awb-margin-top-small:10px;--awb-margin-right-small:0px;--awb-margin-bottom-small:10px;--awb-margin-left-small:0px;\"><h3 class=\"fusion-title-heading title-heading-left\" style=\"margin:0;\">SICHERHEIT<\/h3><\/div><div class=\"fusion-text fusion-text-7 text-white\" style=\"--awb-text-color:var(--awb-color1);\"><p>Die Titananode bietet Korrosionsschutz, der im Gegensatz zur Magnesiumanode nicht regelm\u00e4\u00dfig ausgetauscht werden muss. Anti-Legionellen-System: Die Gefahr durch Legionellenbakterien wird durch regelm\u00e4\u00dfige Zyklen eliminiert, die die Wassertemperatur im Tank auf \u00fcber 70 \u00b0C erh\u00f6hen.<\/p>\n<\/div><\/div><\/div><\/div><\/div><\/p>\n","protected":false},"excerpt":{"rendered":"","protected":false},"featured_media":3696,"comment_status":"closed","ping_status":"closed","template":"","meta":[],"product_brand":[],"product_cat":[275],"product_tag":[],"class_list":{"0":"post-3694","1":"product","2":"type-product","3":"status-publish","4":"has-post-thumbnail","6":"product_cat-warmwasser-warmepumpe","8":"first","9":"instock","10":"shipping-taxable","11":"product-type-simple"},"_links":{"self":[{"href":"https:\/\/www.hokkaido.it\/de\/wp-json\/wp\/v2\/product\/3694","targetHints":{"allow":["GET"]}}],"collection":[{"href":"https:\/\/www.hokkaido.it\/de\/wp-json\/wp\/v2\/product"}],"about":[{"href":"https:\/\/www.hokkaido.it\/de\/wp-json\/wp\/v2\/types\/product"}],"replies":[{"embeddable":true,"href":"https:\/\/www.hokkaido.it\/de\/wp-json\/wp\/v2\/comments?post=3694"}],"wp:featuredmedia":[{"embeddable":true,"href":"https:\/\/www.hokkaido.it\/de\/wp-json\/wp\/v2\/media\/3696"}],"wp:attachment":[{"href":"https:\/\/www.hokkaido.it\/de\/wp-json\/wp\/v2\/media?parent=3694"}],"wp:term":[{"taxonomy":"product_brand","embeddable":true,"href":"https:\/\/www.hokkaido.it\/de\/wp-json\/wp\/v2\/product_brand?post=3694"},{"taxonomy":"product_cat","embeddable":true,"href":"https:\/\/www.hokkaido.it\/de\/wp-json\/wp\/v2\/product_cat?post=3694"},{"taxonomy":"product_tag","embeddable":true,"href":"https:\/\/www.hokkaido.it\/de\/wp-json\/wp\/v2\/product_tag?post=3694"}],"curies":[{"name":"wp","href":"https:\/\/api.w.org\/{rel}","templated":true}]}}