{"id":3101,"date":"2025-06-10T17:44:18","date_gmt":"2025-06-10T15:44:18","guid":{"rendered":"https:\/\/www.hokkaido.it\/privacy-cookies-policy\/"},"modified":"2025-07-10T17:59:26","modified_gmt":"2025-07-10T15:59:26","slug":"privacy-policy-cookies","status":"publish","type":"page","link":"https:\/\/www.hokkaido.it\/fr\/privacy-policy-cookies\/","title":{"rendered":"Politique de confidentialit\u00e9 et de cookies"},"content":{"rendered":"<div class=\"fusion-fullwidth fullwidth-box fusion-builder-row-1 fusion-flex-container has-pattern-background has-mask-background nonhundred-percent-fullwidth non-hundred-percent-height-scrolling\" style=\"--awb-border-radius-top-left:0px;--awb-border-radius-top-right:0px;--awb-border-radius-bottom-right:0px;--awb-border-radius-bottom-left:0px;--awb-padding-top:60px;--awb-padding-bottom:60px;--awb-flex-wrap:wrap;\" ><div class=\"fusion-builder-row fusion-row fusion-flex-align-items-flex-start fusion-flex-content-wrap\" style=\"max-width:1248px;margin-left: calc(-4% \/ 2 );margin-right: calc(-4% \/ 2 );\"><div class=\"fusion-layout-column fusion_builder_column fusion-builder-column-0 fusion_builder_column_1_1 1_1 fusion-flex-column\" style=\"--awb-bg-size:cover;--awb-width-large:100%;--awb-margin-top-large:0px;--awb-spacing-right-large:1.92%;--awb-margin-bottom-large:20px;--awb-spacing-left-large:1.92%;--awb-width-medium:100%;--awb-order-medium:0;--awb-spacing-right-medium:1.92%;--awb-spacing-left-medium:1.92%;--awb-width-small:100%;--awb-order-small:0;--awb-spacing-right-small:1.92%;--awb-spacing-left-small:1.92%;\"><div class=\"fusion-column-wrapper fusion-column-has-shadow fusion-flex-justify-content-flex-start fusion-content-layout-column\"><div class=\"fusion-text fusion-text-1\"><p><strong>AVIS<\/strong><br \/>\nCette page d\u00e9crit les modalit\u00e9s de gestion du site web hokkaido.it concernant le traitement des donn\u00e9es personnelles des utilisateurs qui le consultent. Cet avis est fourni conform\u00e9ment au R\u00e8glement europ\u00e9en 2016\/679 relatif \u00e0 la protection des personnes physiques \u00e0 l&rsquo;\u00e9gard du traitement des donn\u00e9es \u00e0 caract\u00e8re personnel et \u00e0 la libre circulation de ces donn\u00e9es (ci-apr\u00e8s d\u00e9nomm\u00e9 \u00ab\u00a0le R\u00e8glement\u00a0\u00bb) pour les utilisateurs des services de notre site web fournis en ligne. Cet avis ne s&rsquo;applique pas aux autres sites web accessibles via nos liens, dont le Responsable du traitement d\u00e9cline toute responsabilit\u00e9.<\/p>\n<p><strong>RESPONSABILIT\u00c9 DU RESPONSABLE DU TRAITEMENT<\/strong><br \/>\nLe Responsable du traitement des donn\u00e9es personnelles trait\u00e9es suite \u00e0 la consultation de notre site web est Termal Sales S.r.l. (ci-apr\u00e8s d\u00e9nomm\u00e9e \u00ab\u00a0Responsable du traitement\u00a0\u00bb), dont le si\u00e8ge social est situ\u00e9 Via della Salute, 14 \u2013 Bologne (ci-apr\u00e8s d\u00e9nomm\u00e9e \u00ab\u00a0Responsable du traitement\u00a0\u00bb).<\/p>\n<p><strong>LIEU DE TRAITEMENT DES DONN\u00c9ES<\/strong><br \/>\nLe traitement des donn\u00e9es li\u00e9 aux services web de ce site a lieu en Italie, au si\u00e8ge social du Responsable du traitement susmentionn\u00e9, et est effectu\u00e9 par les employ\u00e9s et collaborateurs du Responsable du traitement autoris\u00e9s \u00e0 traiter les donn\u00e9es.<\/p>\n<p><strong>FINALIT\u00c9 DU TRAITEMENT ET BASE JURIDIQUE<\/strong><br \/>\nNous traiterons vos donn\u00e9es, \u00e9lectroniquement ou manuellement, aux fins suivantes\u00a0:<br \/>\n\u2022\u00a0vous envoyer un devis (si vous nous contactez via les formulaires disponibles sur https:\/\/www.hokkaido.it\/ et https:\/\/www.hokkaido.it\/richiedi-preventivo\/)\u00a0;<br \/>\n\u2022\u00a0g\u00e9rer votre r\u00e9clamation concernant un service m\u00e9diocre (si vous nous contactez via le formulaire disponible sur https:\/\/www.hokkaido.it\/contatti-e-supporto\/)\u00a0;<br \/>\n\u2022\u00a0la base juridique du traitement est toute relation pr\u00e9contractuelle ou contractuelle.<br \/>\nLa fourniture des donn\u00e9es est n\u00e9cessaire \u00e0 la r\u00e9alisation des finalit\u00e9s susmentionn\u00e9es.<br \/>\nDe plus, avec votre consentement, vos donn\u00e9es pourront \u00e9galement \u00eatre trait\u00e9es pour les activit\u00e9s suivantes\u00a0:<br \/>\n\u2022 vous envoyer des informations commerciales, promotionnelles et\/ou publicitaires sur nos produits et services. Les moyens de contact utilis\u00e9s pour ces activit\u00e9s sont\u00a0: e-mail, SMS, courrier postal ou t\u00e9l\u00e9phone, selon vos indications\u00a0; la base juridique de ces activit\u00e9s est votre consentement expr\u00e8s.<br \/>\n\u2022 communiquer vos donn\u00e9es \u00e0 des soci\u00e9t\u00e9s tierces du groupe Termal qui peuvent, de mani\u00e8re ind\u00e9pendante, vous envoyer des informations commerciales, promotionnelles et\/ou publicitaires par e-mail, SMS, courrier postal ou t\u00e9l\u00e9phone, selon vos indications\u00a0; la base juridique de ces activit\u00e9s est votre consentement expr\u00e8s.<br \/>\nVous pouvez retirer votre consentement \u00e0 tout moment en \u00e9crivant \u00e0 privacy@hokkaido.it, mais ce retrait ne sera pas r\u00e9troactif.<br \/>\nLe Responsable du traitement ne collectera pas de donn\u00e9es \u00ab\u00a0sensibles\u00a0\u00bb au sens de la r\u00e9glementation ni d&rsquo;informations relatives \u00e0 votre navigation sur le site.<\/p>\n<p><strong>COMMUNICATION DES DONN\u00c9ES<\/strong><br \/>\nLes donn\u00e9es issues de l&rsquo;utilisation du Site peuvent \u00eatre communiqu\u00e9es aux responsables de sa gestion, aux partenaires technologiques et instrumentaux auxquels le Responsable du traitement fait appel pour fournir les services demand\u00e9s par les utilisateurs, ainsi qu&rsquo;aux parties dont le droit d&rsquo;acc\u00e8s aux donn\u00e9es est reconnu par la loi et\/ou le droit d\u00e9riv\u00e9. Les donn\u00e9es personnelles fournies par les utilisateurs qui sollicitent des informations (demandes d&rsquo;informations, r\u00e9ponses \u00e0 des questions, etc.) ou d&rsquo;autres communications sont utilis\u00e9es uniquement pour ex\u00e9cuter le service demand\u00e9 et ne sont communiqu\u00e9es \u00e0 des tiers que si cela est n\u00e9cessaire \u00e0 cette fin.<\/p>\n<p>Les donn\u00e9es ne seront g\u00e9n\u00e9ralement pas transf\u00e9r\u00e9es hors de l&rsquo;Union europ\u00e9enne. Tout transfert de donn\u00e9es hors de l&rsquo;Union europ\u00e9enne sera effectu\u00e9 uniquement vers des entit\u00e9s garantissant un niveau ad\u00e9quat de protection des donn\u00e9es et\/ou vers des pays pour lesquels les autorit\u00e9s comp\u00e9tentes ont \u00e9mis une d\u00e9cision d&rsquo;ad\u00e9quation, et vers des entit\u00e9s ayant fourni des garanties ad\u00e9quates concernant le traitement des donn\u00e9es par le biais d&rsquo;instruments r\u00e9glementaires\/contractuels appropri\u00e9s, tels que, par exemple, la signature de clauses contractuelles types.<\/p>\n<p><strong>TYPES DE DONN\u00c9ES TRAIT\u00c9ES<\/strong><br \/>\n<em><strong>Donn\u00e9es de navigation<\/strong><\/em><br \/>\nLes syst\u00e8mes informatiques et les logiciels utilis\u00e9s pour faire fonctionner ce site web acqui\u00e8rent, au cours de leur fonctionnement normal, certaines donn\u00e9es personnelles dont la transmission est implicite dans l&rsquo;utilisation des protocoles de communication Internet.<br \/>\nCes informations ne sont pas collect\u00e9es pour \u00eatre associ\u00e9es \u00e0 des personnes concern\u00e9es identifi\u00e9es, mais pourraient, par leur nature m\u00eame, permettre, par le biais de traitements et d&rsquo;associations avec des donn\u00e9es d\u00e9tenues par des tiers, d&rsquo;identifier les utilisateurs.<br \/>\nCette cat\u00e9gorie de donn\u00e9es comprend les adresses IP ou les noms de domaine des ordinateurs utilis\u00e9s par les utilisateurs se connectant au site, les adresses URI (Uniform Resource Identifier) \u200b\u200bdes ressources demand\u00e9es, l&rsquo;heure de la requ\u00eate, la m\u00e9thode utilis\u00e9e pour soumettre la requ\u00eate au serveur, la taille du fichier obtenu en r\u00e9ponse, le code num\u00e9rique indiquant l&rsquo;\u00e9tat de la r\u00e9ponse du serveur (succ\u00e8s, erreur, etc.) et d&rsquo;autres param\u00e8tres relatifs au syst\u00e8me d&rsquo;exploitation et \u00e0 l&rsquo;environnement informatique de l&rsquo;utilisateur.<br \/>\nCes donn\u00e9es sont utilis\u00e9es uniquement pour obtenir des informations statistiques anonymes sur l&rsquo;utilisation du site et pour v\u00e9rifier son bon fonctionnement. Elles sont supprim\u00e9es imm\u00e9diatement apr\u00e8s traitement. Ces donn\u00e9es peuvent \u00eatre utilis\u00e9es pour d\u00e9terminer la responsabilit\u00e9 en cas d&rsquo;\u00e9ventuelles infractions informatiques contre le site.<\/p>\n<p>Donn\u00e9es fournies volontairement par l&rsquo;utilisateur<br \/>\nL&rsquo;envoi facultatif, explicite et volontaire de courriers \u00e9lectroniques aux adresses indiqu\u00e9es sur ce site entra\u00eene l&rsquo;acquisition ult\u00e9rieure des donn\u00e9es indiqu\u00e9es, n\u00e9cessaires \u00e0 la gestion op\u00e9rationnelle, administrative, comptable et logistique, ou pour r\u00e9pondre aux demandes.<\/p>\n<p>Caract\u00e8re facultatif de la fourniture des donn\u00e9es<br \/>\n\u00c0 l&rsquo;exception des donn\u00e9es de navigation, l&rsquo;utilisateur est libre de fournir des donn\u00e9es personnelles pour solliciter les services propos\u00e9s par la soci\u00e9t\u00e9. Le d\u00e9faut de fourniture de ces donn\u00e9es peut entra\u00eener l&rsquo;impossibilit\u00e9 d&rsquo;obtenir le service demand\u00e9.<\/p>\n<p><strong>MODES DE TRAITEMENT<\/strong><br \/>\nLes donn\u00e9es personnelles sont trait\u00e9es principalement \u00e0 l&rsquo;aide de m\u00e9thodes automatis\u00e9es et seront conserv\u00e9es de mani\u00e8re \u00e0 minimiser, gr\u00e2ce \u00e0 l&rsquo;adoption de mesures de s\u00e9curit\u00e9 appropri\u00e9es et pr\u00e9ventives, le risque de destruction ou de perte, m\u00eame accidentelle, des donn\u00e9es, d&rsquo;acc\u00e8s non autoris\u00e9 ou de traitement non autoris\u00e9 ou incompatible avec les finalit\u00e9s pour lesquelles elles ont \u00e9t\u00e9 collect\u00e9es.<\/p>\n<p><strong>DUR\u00c9ES DE CONSERVATION<\/strong><br \/>\nLes donn\u00e9es ne seront conserv\u00e9es que pendant la dur\u00e9e n\u00e9cessaire \u00e0 la r\u00e9alisation de la finalit\u00e9 pour laquelle elles ont \u00e9t\u00e9 collect\u00e9es, sauf disposition l\u00e9gale contraire. Par la suite, les donn\u00e9es personnelles seront supprim\u00e9es ou anonymis\u00e9es. Les donn\u00e9es personnelles seront conserv\u00e9es pendant 24 mois \u00e0 compter de votre demande ou du dernier contact utile.<\/p>\n<p><strong>MINEURS<\/strong><br \/>\nAucune donn\u00e9e personnelle ne doit \u00eatre saisie sur le site par des mineurs sans le consentement pr\u00e9alable de leurs parents ou tuteurs. Le Responsable du traitement encourage tous les parents et tuteurs \u00e0 informer les mineurs sur l&rsquo;utilisation s\u00fbre et responsable de leurs donn\u00e9es personnelles en ligne. Le propri\u00e9taire s&rsquo;engage toutefois \u00e0 ne pas conserver ni utiliser sciemment les donn\u00e9es personnelles collect\u00e9es aupr\u00e8s des mineurs \u00e0 quelque fin que ce soit, y compris la divulgation \u00e0 des tiers.<\/p>\n<p><strong>LIENS VERS D&rsquo;AUTRES SITES WEB<\/strong><br \/>\nLe site web peut contenir des liens hypertextes vers d&rsquo;autres sites web, afin d&rsquo;offrir un meilleur service \u00e0 ses utilisateurs. Le Responsable du traitement des donn\u00e9es n&rsquo;est en aucun cas responsable du contenu des sites web auxquels les utilisateurs peuvent acc\u00e9der via son site web. L&rsquo;existence d&rsquo;un lien hypertexte vers un autre site web n&rsquo;implique pas l&rsquo;approbation ou l&rsquo;acceptation de la responsabilit\u00e9 du Responsable du traitement des donn\u00e9es quant au contenu du nouveau site web consult\u00e9, y compris sa politique de traitement des donn\u00e9es personnelles et son utilisation.<\/p>\n<p><strong>DROITS DES PERSONNES CONCERN\u00c9ES<\/strong><br \/>\nConcernant le traitement des donn\u00e9es personnelles, les personnes concern\u00e9es peuvent contacter le Responsable du traitement des donn\u00e9es en \u00e9crivant \u00e0 privacy@hokkaido.it pour exercer leurs droits conform\u00e9ment au R\u00e8glement. Plus pr\u00e9cis\u00e9ment, la personne concern\u00e9e peut\u00a0:<br \/>\n\u2022 acc\u00e9der \u00e0 ses donn\u00e9es personnelles et obtenir la preuve des finalit\u00e9s poursuivies par le Responsable du traitement, des cat\u00e9gories de donn\u00e9es concern\u00e9es, des destinataires auxquels elles peuvent \u00eatre communiqu\u00e9es, de la dur\u00e9e de conservation applicable, de l&rsquo;existence de processus d\u00e9cisionnels automatis\u00e9s, y compris le profilage, et, au moins dans de tels cas, des informations utiles sur la logique utilis\u00e9e, ainsi que sur l&rsquo;importance et les cons\u00e9quences possibles pour la personne concern\u00e9e, sauf indication contraire dans le texte de la pr\u00e9sente Politique\u00a0;<br \/>\n\u2022 obtenir la rectification sans d\u00e9lai des donn\u00e9es personnelles inexactes la concernant\u00a0;<br \/>\n\u2022 obtenir, lorsque la loi le pr\u00e9voit, l&rsquo;effacement de ses donn\u00e9es\u00a0;<br \/>\n\u2022 obtenir la limitation du traitement ou le droit de s&rsquo;y opposer, lorsque les dispositions l\u00e9gales applicables le permettent.<br \/>\nSi vous le jugez appropri\u00e9, vous pouvez d\u00e9poser une plainte aupr\u00e8s de l&rsquo;Autorit\u00e9 de contr\u00f4le.<\/p>\n<p><strong>POLITIQUE DE COOKIES<\/strong><br \/>\nCe site web utilise des cookies et des technologies similaires pour assurer le bon fonctionnement des proc\u00e9dures et am\u00e9liorer l&rsquo;exp\u00e9rience utilisateur des applications en ligne. Les cookies sont de petits fichiers texte plac\u00e9s sur le disque dur d&rsquo;un ordinateur. Les cookies simplifient l&rsquo;analyse du trafic web ou indiquent quand un site sp\u00e9cifique est visit\u00e9, et permettent aux applications web d&rsquo;envoyer des informations aux utilisateurs individuels. Des informations d\u00e9taill\u00e9es sur l&rsquo;utilisation des cookies et technologies similaires, leur utilisation par le Responsable du traitement et leur gestion sont fournies ci-dessous.<br \/>\nPlus pr\u00e9cis\u00e9ment, le Responsable du traitement utilise des cookies de session et des cookies persistants.<br \/>\n\u2013 Les cookies de session nous permettent de suivre les donn\u00e9es de navigation, telles que les pages web visit\u00e9es et les options utilis\u00e9es. Lorsque vous fermez votre navigateur, la session se termine et le cookie est supprim\u00e9.<br \/>\n\u2013 Les cookies persistants, quant \u00e0 eux, permettent au site web de reconna\u00eetre l&rsquo;utilisateur lors de ses visites ult\u00e9rieures.<br \/>\nSur ce site, le Responsable du traitement peut utiliser les types de cookies suivants.<\/p>\n<p><strong>COOKIES \u00ab\u00a0TECHNIQUES\u00a0\u00bb \u2013 N\u00e9cessaires<\/strong><br \/>\nCes cookies sont fonctionnels et assurent une navigation s\u00fbre et efficace sur le site web. Cette cat\u00e9gorie comprend les cookies persistants et les cookies de session. Sans ces cookies, le site web, ou certaines parties de celui-ci, pourraient ne pas fonctionner correctement. Par cons\u00e9quent, ils sont utilis\u00e9s en permanence, quelles que soient les pr\u00e9f\u00e9rences de l&rsquo;utilisateur. Leur dur\u00e9e de vie est strictement limit\u00e9e \u00e0 la dur\u00e9e de la session de navigation\u00a0; ils peuvent \u00e9galement rester plus longtemps afin de m\u00e9moriser les choix du visiteur. La d\u00e9sactivation des cookies strictement n\u00e9cessaires peut compromettre l&rsquo;exp\u00e9rience utilisateur et la navigation sur le site web.<\/p>\n<p><strong>COOKIES \u00ab\u00a0ANALYTIQUES\u00a0\u00bb \u2013 pr\u00e9f\u00e9rences et statistiques<\/strong><br \/>\nCes cookies sont utilis\u00e9s pour collecter et analyser le trafic et l&rsquo;utilisation d&rsquo;un site web par les utilisateurs. Il s&rsquo;agit de cookies propri\u00e9taires ou tiers collect\u00e9s et g\u00e9r\u00e9s pour surveiller le syst\u00e8me et am\u00e9liorer les performances du site (cookies de performance).<br \/>\nLes cookies de pr\u00e9f\u00e9rences permettent au site web de stocker des informations qui influencent son comportement ou son apparence, telles que votre langue ou votre localisation pr\u00e9f\u00e9r\u00e9e.<br \/>\nLes cookies statistiques aident les propri\u00e9taires de sites web \u00e0 comprendre comment les visiteurs interagissent avec les sites en collectant et en transmettant des informations de mani\u00e8re anonyme.<br \/>\nCes cookies ne sont install\u00e9s par le site qu&rsquo;avec le consentement de l&rsquo;utilisateur, et peuvent \u00eatre d\u00e9sactiv\u00e9s sans perte de fonctionnalit\u00e9.<\/p>\n<p>COOKIES MARKETING<br \/>\nCes cookies permettent de suivre la navigation en ligne de l&rsquo;utilisateur et d&rsquo;\u00e9tablir des profils de ses go\u00fbts, habitudes, choix, etc. Ils permettent d&rsquo;envoyer des messages publicitaires sur le terminal de l&rsquo;utilisateur en fonction de ses pr\u00e9f\u00e9rences exprim\u00e9es lors de sa navigation.<br \/>\nCes cookies ne sont install\u00e9s par le site qu&rsquo;avec le consentement de l&rsquo;utilisateur, lui permettant ainsi de naviguer sur le site et d&rsquo;acc\u00e9der \u00e0 toutes ses fonctionnalit\u00e9s. Sans ce consentement, ces cookies seront bloqu\u00e9s.<\/p>\n<p>LISTE DES COOKIES UTILIS\u00c9S SUR CE SITE<br \/>\nLa liste d\u00e9taill\u00e9e des cookies utilis\u00e9s sur ce site est r\u00e9sum\u00e9e dans la banni\u00e8re o\u00f9 l&rsquo;utilisateur peut indiquer les cat\u00e9gories de cookies, autres que les cookies techniques, qui peuvent \u00eatre install\u00e9s.<\/p>\n<p><strong>D\u00c9SACTIVATION TOTALE OU PARTIELLE DES COOKIES<\/strong><br \/>\nLa d\u00e9sactivation totale ou partielle des cookies techniques peut compromettre l&rsquo;utilisation des fonctionnalit\u00e9s du site.<br \/>\nLa d\u00e9sactivation des cookies tiers, analytiques et\/ou de profilage n&rsquo;affecte en rien la navigation.<br \/>\nVous pouvez d\u00e9finir vos pr\u00e9f\u00e9rences en mati\u00e8re de cookies en cliquant sur la banni\u00e8re d&rsquo;accueil ou sur l&rsquo;ic\u00f4ne <img decoding=\"async\" class=\"alignnone size-full\" src=\"https:\/\/www.hokkaido.it\/ico-cookie.png\" width=\"50\" height=\"50\" \/><br \/>\nLes param\u00e8tres peuvent \u00eatre d\u00e9finis sp\u00e9cifiquement pour diff\u00e9rents sites web et applications web. Les meilleurs navigateurs permettent de d\u00e9finir des param\u00e8tres diff\u00e9rents pour les cookies \u00ab propri\u00e9taires \u00bb et \u00ab tiers \u00bb.<br \/>\nNous expliquons ci-dessous comment d\u00e9sactiver les cookies dans certains navigateurs.<\/p>\n<p>Edge<br \/>\n1. Ouvrez Microsoft Edge.<br \/>\n2. S\u00e9lectionnez Param\u00e8tres et plus > Param\u00e8tres > Confidentialit\u00e9, recherche et services.<br \/>\n3. Sous \u00ab\u00a0Effacer les donn\u00e9es de navigation\u00a0\u00bb, s\u00e9lectionnez \u00ab\u00a0Choisir les \u00e9l\u00e9ments \u00e0 effacer\u00a0\u00bb.<br \/>\n4. Sous \u00ab\u00a0P\u00e9riode\u00a0\u00bb, choisissez une p\u00e9riode.<br \/>\n5. S\u00e9lectionnez \u00ab\u00a0Cookies\u00a0\u00bb et autres donn\u00e9es de site, puis \u00ab\u00a0Effacer maintenant\u00a0\u00bb.<br \/>\nChrome<br \/>\n1. S\u00e9lectionnez l&rsquo;ic\u00f4ne du menu Chrome.<br \/>\n2. S\u00e9lectionnez Param\u00e8tres.<br \/>\n3. Dans la section \u00ab\u00a0Confidentialit\u00e9 et s\u00e9curit\u00e9\u00a0\u00bb, cliquez sur \u00ab\u00a0Cookies et autres donn\u00e9es de site\u00a0\u00bb.<br \/>\n4. Cliquez sur \u00ab\u00a0Afficher tous les cookies et donn\u00e9es de site. Tout supprimer\u00a0\u00bb.<br \/>\n5. Confirmez en cliquant sur \u00ab\u00a0Effacer tout\u00a0\u00bb.<br \/>\nFirefox<br \/>\n1. Cliquez sur le bouton de menu et s\u00e9lectionnez \u00ab\u00a0Options\u00a0\u00bb.<br \/>\n2. S\u00e9lectionnez le panneau \u00ab\u00a0Confidentialit\u00e9 et s\u00e9curit\u00e9\u00a0\u00bb.<br \/>\n3. Dans la section \u00ab\u00a0Protection renforc\u00e9e contre le pistage\u00a0\u00bb, s\u00e9lectionnez \u00ab\u00a0Personnalis\u00e9\u00a0\u00bb et cochez la case \u00ab\u00a0Cookies\u00a0\u00bb.<br \/>\n4. Utilisez le menu d\u00e9roulant pour choisir les types de cookies \u00e0 bloquer.<br \/>\n5. Fermez la page \u00ab\u00a0about:preferences\u00a0\u00bb. Toutes les modifications seront enregistr\u00e9es automatiquement.<br \/>\nExplorer<br \/>\n1. Dans Internet Explorer, s\u00e9lectionnez le bouton Outils, puis Options Internet.<br \/>\n2. S\u00e9lectionnez l&rsquo;onglet Confidentialit\u00e9 et, sous Param\u00e8tres, s\u00e9lectionnez Avanc\u00e9, puis choisissez d&rsquo;accepter, de bloquer ou d&rsquo;\u00eatre invit\u00e9 \u00e0 accepter les cookies propri\u00e9taires ou tiers.<br \/>\nSafari<br \/>\n1. Acc\u00e9dez au menu Safari (l&rsquo;ic\u00f4ne en haut \u00e0 droite du navigateur) et s\u00e9lectionnez Pr\u00e9f\u00e9rences.<br \/>\n2. Dans la fen\u00eatre contextuelle qui s&rsquo;ouvre, s\u00e9lectionnez l&rsquo;ic\u00f4ne S\u00e9curit\u00e9 (cadenas).<br \/>\n3. Sous \u00ab\u00a0Accepter les cookies\u00a0\u00bb, s\u00e9lectionnez le bouton \u00ab\u00a0Jamais\u00a0\u00bb.<\/p>\n<p><strong>POLITIQUE RELATIVE AUX R\u00c9SEAUX SOCIAUX<\/strong><br \/>\nLe Responsable du traitement utilise certains r\u00e9seaux sociaux pour promouvoir les \u00e9v\u00e9nements et services de l&rsquo;entreprise, recueillir les commentaires et suggestions sur l&rsquo;exp\u00e9rience utilisateur et r\u00e9pondre aux demandes d&rsquo;information.<br \/>\nLes profils de r\u00e9seaux sociaux et les services de messagerie instantan\u00e9e utilis\u00e9s sont list\u00e9s ci-dessous\u00a0:<\/p>\n<p>\u2022 LinkedIn<br \/>\nLes profils sur les r\u00e9seaux sociaux sont g\u00e9r\u00e9s par les collaborateurs du Responsable du traitement, d\u00e9sign\u00e9s comme Sous-traitants autoris\u00e9s et\/ou Responsables du traitement conform\u00e9ment \u00e0 l&rsquo;article 28 du R\u00e8glement UE 2016\/679.<br \/>\nLes donn\u00e9es personnelles des utilisateurs sont trait\u00e9es conform\u00e9ment aux politiques en vigueur sur les plateformes utilis\u00e9es. Les donn\u00e9es personnelles ou sensibles incluses dans les commentaires ou publications publiques sur les r\u00e9seaux sociaux peuvent \u00eatre supprim\u00e9es. Les donn\u00e9es partag\u00e9es par les utilisateurs via des messages priv\u00e9s envoy\u00e9s directement aux gestionnaires de r\u00e9seaux seront trait\u00e9es conform\u00e9ment \u00e0 la r\u00e9glementation en vigueur en mati\u00e8re de protection des donn\u00e9es et \u00e0 la pr\u00e9sente politique de confidentialit\u00e9.<\/p>\n<\/div><\/div><\/div><\/div><\/div>\n","protected":false},"excerpt":{"rendered":"","protected":false},"author":1,"featured_media":3102,"parent":0,"menu_order":0,"comment_status":"closed","ping_status":"closed","template":"100-width.php","meta":{"footnotes":""},"class_list":["post-3101","page","type-page","status-publish","has-post-thumbnail","hentry"],"_links":{"self":[{"href":"https:\/\/www.hokkaido.it\/fr\/wp-json\/wp\/v2\/pages\/3101","targetHints":{"allow":["GET"]}}],"collection":[{"href":"https:\/\/www.hokkaido.it\/fr\/wp-json\/wp\/v2\/pages"}],"about":[{"href":"https:\/\/www.hokkaido.it\/fr\/wp-json\/wp\/v2\/types\/page"}],"author":[{"embeddable":true,"href":"https:\/\/www.hokkaido.it\/fr\/wp-json\/wp\/v2\/users\/1"}],"replies":[{"embeddable":true,"href":"https:\/\/www.hokkaido.it\/fr\/wp-json\/wp\/v2\/comments?post=3101"}],"version-history":[{"count":2,"href":"https:\/\/www.hokkaido.it\/fr\/wp-json\/wp\/v2\/pages\/3101\/revisions"}],"predecessor-version":[{"id":3104,"href":"https:\/\/www.hokkaido.it\/fr\/wp-json\/wp\/v2\/pages\/3101\/revisions\/3104"}],"wp:featuredmedia":[{"embeddable":true,"href":"https:\/\/www.hokkaido.it\/fr\/wp-json\/wp\/v2\/media\/3102"}],"wp:attachment":[{"href":"https:\/\/www.hokkaido.it\/fr\/wp-json\/wp\/v2\/media?parent=3101"}],"curies":[{"name":"wp","href":"https:\/\/api.w.org\/{rel}","templated":true}]}}