{"id":3090,"date":"2025-06-09T10:47:54","date_gmt":"2025-06-09T08:47:54","guid":{"rendered":"https:\/\/www.hokkaido.it\/prodotto\/unita-esterne-multi\/"},"modified":"2026-04-24T11:51:39","modified_gmt":"2026-04-24T09:51:39","slug":"unita-esterne-multi","status":"publish","type":"product","link":"https:\/\/www.hokkaido.it\/fr\/prodotto\/unita-esterne-multi\/","title":{"rendered":"UNIT\u00c9S EXT\u00c9RIEURES MULTI"},"content":{"rendered":"<p><div class=\"fusion-fullwidth fullwidth-box fusion-builder-row-1 fusion-flex-container has-pattern-background has-mask-background hundred-percent-fullwidth non-hundred-percent-height-scrolling sezione-icone-prodotto\" style=\"--awb-border-radius-top-left:0px;--awb-border-radius-top-right:0px;--awb-border-radius-bottom-right:0px;--awb-border-radius-bottom-left:0px;--awb-padding-top:60px;--awb-padding-bottom:20px;--awb-background-color:#eeeeee;--awb-flex-wrap:wrap;\" ><div class=\"fusion-builder-row fusion-row fusion-flex-align-items-flex-start fusion-flex-justify-content-center fusion-flex-content-wrap\" style=\"width:calc( 100% + 16px ) !important;max-width:calc( 100% + 16px ) !important;margin-left: calc(-16px \/ 2 );margin-right: calc(-16px \/ 2 );\"><div class=\"fusion-layout-column fusion_builder_column fusion-builder-column-0 fusion_builder_column_1_6 1_6 fusion-flex-column\" style=\"--awb-padding-right:20px;--awb-padding-bottom:20px;--awb-padding-left:20px;--awb-bg-size:cover;--awb-width-large:16.666666666667%;--awb-margin-top-large:0px;--awb-spacing-right-large:8px;--awb-margin-bottom-large:20px;--awb-spacing-left-large:8px;--awb-width-medium:33.333333333333%;--awb-order-medium:0;--awb-spacing-right-medium:8px;--awb-spacing-left-medium:8px;--awb-width-small:50%;--awb-order-small:0;--awb-spacing-right-small:8px;--awb-spacing-left-small:8px;\" data-scroll-devices=\"small-visibility,medium-visibility,large-visibility\"><div class=\"fusion-column-wrapper fusion-column-has-shadow fusion-flex-justify-content-flex-start fusion-content-layout-column\"><div class=\"fusion-image-element \" style=\"text-align:center;--awb-margin-bottom:16px;--awb-caption-title-color:var(--awb-color6);--awb-caption-text-color:var(--awb-color8);--awb-caption-text-size:var(--awb-typography4-font-size);--awb-caption-text-transform:var(--awb-typography4-text-transform);--awb-caption-text-line-height:var(--awb-typography4-line-height);--awb-caption-text-letter-spacing:var(--awb-typography4-letter-spacing);--awb-caption-margin-top:10px;--awb-max-width:130px;--awb-caption-title-font-family:&quot;Inter&quot;;--awb-caption-title-font-weight:300;--awb-caption-title-font-style:normal;--awb-caption-title-size:52px;--awb-caption-title-transform:uppercase;--awb-caption-title-line-height:var(--h3_typography-line-height);--awb-caption-title-letter-spacing:var(--h3_typography-letter-spacing);--awb-caption-text-font-family:var(--awb-typography4-font-family);--awb-caption-text-font-weight:var(--awb-typography4-font-weight);--awb-caption-text-font-style:var(--awb-typography4-font-style);\"><span class=\" fusion-imageframe imageframe-none imageframe-1 hover-type-none\"><img decoding=\"async\" width=\"247\" height=\"247\" title=\"icona Efficienza energetica raffrescamento A plus plus\" src=\"https:\/\/www.hokkaido.it\/wp-content\/uploads\/2025\/06\/icona-Efficienza-energetica-raffrescamento-A-plus-plus.png\" alt class=\"img-responsive wp-image-3219\" srcset=\"https:\/\/www.hokkaido.it\/wp-content\/uploads\/2025\/06\/icona-Efficienza-energetica-raffrescamento-A-plus-plus-200x200.png 200w, https:\/\/www.hokkaido.it\/wp-content\/uploads\/2025\/06\/icona-Efficienza-energetica-raffrescamento-A-plus-plus.png 247w\" sizes=\"(max-width: 640px) 100vw, 200px\" \/><\/span><\/div><div class=\"fusion-text fusion-text-1\" style=\"--awb-content-alignment:center;--awb-font-size:16px;--awb-line-height:20px;--awb-text-color:var(--awb-color6);--awb-text-font-family:&quot;Inter&quot;;--awb-text-font-style:normal;--awb-text-font-weight:700;\"><p>Classe \u00e9nerg\u00e9tique<\/p>\n<\/div><\/div><\/div><\/div><\/div><div class=\"fusion-fullwidth fullwidth-box fusion-builder-row-2 fusion-flex-container has-pattern-background has-mask-background fusion-parallax-none nonhundred-percent-fullwidth non-hundred-percent-height-scrolling\" style=\"--awb-border-radius-top-left:0px;--awb-border-radius-top-right:0px;--awb-border-radius-bottom-right:0px;--awb-border-radius-bottom-left:0px;--awb-min-height:500px;--awb-min-height-medium:300px;--awb-min-height-small:200px;--awb-background-image:url(&quot;https:\/\/www.hokkaido.it\/wp-content\/uploads\/2025\/06\/bg-unita-esterne-multi.jpg&quot;);--awb-background-size:cover;--awb-flex-wrap:wrap;\" ><div class=\"fusion-builder-row fusion-row fusion-flex-align-items-flex-start fusion-flex-content-wrap\" style=\"max-width:1248px;margin-left: calc(-4% \/ 2 );margin-right: calc(-4% \/ 2 );\"><div class=\"fusion-layout-column fusion_builder_column fusion-builder-column-1 fusion_builder_column_1_1 1_1 fusion-flex-column\" style=\"--awb-bg-size:cover;--awb-width-large:100%;--awb-margin-top-large:0px;--awb-spacing-right-large:1.92%;--awb-margin-bottom-large:20px;--awb-spacing-left-large:1.92%;--awb-width-medium:100%;--awb-order-medium:0;--awb-spacing-right-medium:1.92%;--awb-spacing-left-medium:1.92%;--awb-width-small:100%;--awb-order-small:0;--awb-spacing-right-small:1.92%;--awb-spacing-left-small:1.92%;\"><div class=\"fusion-column-wrapper fusion-column-has-shadow fusion-flex-justify-content-flex-start fusion-content-layout-column\"><\/div><\/div><\/div><\/div><div class=\"fusion-fullwidth fullwidth-box fusion-builder-row-3 fusion-flex-container has-pattern-background has-mask-background nonhundred-percent-fullwidth non-hundred-percent-height-scrolling\" style=\"--awb-border-radius-top-left:0px;--awb-border-radius-top-right:0px;--awb-border-radius-bottom-right:0px;--awb-border-radius-bottom-left:0px;--awb-padding-top:80px;--awb-padding-bottom:80px;--awb-padding-top-medium:40px;--awb-padding-bottom-medium:40px;--awb-padding-top-small:30px;--awb-padding-bottom-small:30px;--awb-flex-wrap:wrap;\" ><div class=\"fusion-builder-row fusion-row fusion-flex-align-items-stretch fusion-flex-content-wrap\" style=\"max-width:1248px;margin-left: calc(-4% \/ 2 );margin-right: calc(-4% \/ 2 );\"><div class=\"fusion-layout-column fusion_builder_column fusion-builder-column-2 fusion_builder_column_1_1 1_1 fusion-flex-column\" style=\"--awb-bg-size:cover;--awb-width-large:100%;--awb-margin-top-large:0px;--awb-spacing-right-large:1.92%;--awb-margin-bottom-large:20px;--awb-spacing-left-large:1.92%;--awb-width-medium:100%;--awb-order-medium:0;--awb-spacing-right-medium:1.92%;--awb-spacing-left-medium:1.92%;--awb-width-small:100%;--awb-order-small:0;--awb-spacing-right-small:1.92%;--awb-spacing-left-small:1.92%;\" data-scroll-devices=\"small-visibility,medium-visibility,large-visibility\"><div class=\"fusion-column-wrapper fusion-column-has-shadow fusion-flex-justify-content-center fusion-content-layout-column\"><div class=\"fusion-title title fusion-title-1 fusion-sep-none fusion-title-text fusion-title-size-three\" style=\"--awb-text-color:var(--awb-color6);--awb-margin-top-small:10px;--awb-margin-right-small:0px;--awb-margin-bottom-small:10px;--awb-margin-left-small:0px;--awb-font-size:44px;\"><h3 class=\"fusion-title-heading title-heading-left\" style=\"font-family:&quot;Inter&quot;;font-style:normal;font-weight:300;margin:0;font-size:1em;\">AVANTAGES<\/h3><\/div><\/div><\/div><div class=\"fusion-layout-column fusion_builder_column fusion-builder-column-3 fusion_builder_column_1_2 1_2 fusion-flex-column\" style=\"--awb-bg-size:cover;--awb-width-large:50%;--awb-margin-top-large:0px;--awb-spacing-right-large:3.84%;--awb-margin-bottom-large:20px;--awb-spacing-left-large:3.84%;--awb-width-medium:50%;--awb-order-medium:0;--awb-spacing-right-medium:3.84%;--awb-spacing-left-medium:3.84%;--awb-width-small:100%;--awb-order-small:0;--awb-spacing-right-small:1.92%;--awb-spacing-left-small:1.92%;\"><div class=\"fusion-column-wrapper fusion-column-has-shadow fusion-flex-justify-content-flex-start fusion-content-layout-column\"><div class=\"fusion-text fusion-text-2\"><p><strong>Connexion multiple\u00a0:<\/strong><\/p>\n<p>Possibilit\u00e9 de connecter jusqu&rsquo;\u00e0 3 unit\u00e9s int\u00e9rieures.<\/p>\n<\/div><div class=\"fusion-text fusion-text-3\"><p><strong>Plage de fonctionnement \u00e9tendue :<\/strong><\/p>\n<p>Chauffage jusqu&rsquo;\u00e0 -15\u00a0\u00b0C ext\u00e9rieur et refroidissement jusqu&rsquo;\u00e0 +52\u00a0\u00b0C ext\u00e9rieur.<\/p>\n<\/div><\/div><\/div><div class=\"fusion-layout-column fusion_builder_column fusion-builder-column-4 fusion_builder_column_1_2 1_2 fusion-flex-column\" style=\"--awb-bg-size:cover;--awb-width-large:50%;--awb-margin-top-large:0px;--awb-spacing-right-large:3.84%;--awb-margin-bottom-large:20px;--awb-spacing-left-large:3.84%;--awb-width-medium:50%;--awb-order-medium:0;--awb-spacing-right-medium:3.84%;--awb-spacing-left-medium:3.84%;--awb-width-small:100%;--awb-order-small:0;--awb-spacing-right-small:1.92%;--awb-spacing-left-small:1.92%;\"><div class=\"fusion-column-wrapper fusion-column-has-shadow fusion-flex-justify-content-flex-start fusion-content-layout-column\"><div class=\"fusion-text fusion-text-4\"><p><strong>Efficacit\u00e9 \u00e9nerg\u00e9tique :<\/strong><\/p>\n<p>Classe A++\/A+ en refroidissement et en chauffage pour les puissances de 4,10 \u00e0 7,90 kW.<\/p>\n<\/div><div class=\"fusion-text fusion-text-5\"><p><strong>Installation flexible\u00a0:<\/strong><\/p>\n<p>Longueurs de tuyauterie de r\u00e9frig\u00e9rant \u00e9tendues pour une installation plus facile.<\/p>\n<\/div><\/div><\/div><\/div><\/div><\/p>\n","protected":false},"excerpt":{"rendered":"","protected":false},"featured_media":3091,"comment_status":"closed","ping_status":"closed","template":"","meta":[],"product_brand":[],"product_cat":[229],"product_tag":[],"class_list":{"0":"post-3090","1":"product","2":"type-product","3":"status-publish","4":"has-post-thumbnail","6":"product_cat-climatisation-multisplit","8":"first","9":"instock","10":"shipping-taxable","11":"product-type-simple"},"_links":{"self":[{"href":"https:\/\/www.hokkaido.it\/fr\/wp-json\/wp\/v2\/product\/3090","targetHints":{"allow":["GET"]}}],"collection":[{"href":"https:\/\/www.hokkaido.it\/fr\/wp-json\/wp\/v2\/product"}],"about":[{"href":"https:\/\/www.hokkaido.it\/fr\/wp-json\/wp\/v2\/types\/product"}],"replies":[{"embeddable":true,"href":"https:\/\/www.hokkaido.it\/fr\/wp-json\/wp\/v2\/comments?post=3090"}],"wp:featuredmedia":[{"embeddable":true,"href":"https:\/\/www.hokkaido.it\/fr\/wp-json\/wp\/v2\/media\/3091"}],"wp:attachment":[{"href":"https:\/\/www.hokkaido.it\/fr\/wp-json\/wp\/v2\/media?parent=3090"}],"wp:term":[{"taxonomy":"product_brand","embeddable":true,"href":"https:\/\/www.hokkaido.it\/fr\/wp-json\/wp\/v2\/product_brand?post=3090"},{"taxonomy":"product_cat","embeddable":true,"href":"https:\/\/www.hokkaido.it\/fr\/wp-json\/wp\/v2\/product_cat?post=3090"},{"taxonomy":"product_tag","embeddable":true,"href":"https:\/\/www.hokkaido.it\/fr\/wp-json\/wp\/v2\/product_tag?post=3090"}],"curies":[{"name":"wp","href":"https:\/\/api.w.org\/{rel}","templated":true}]}}